{"id":3158,"date":"2026-03-09T22:22:12","date_gmt":"2026-03-09T21:22:12","guid":{"rendered":"https:\/\/margo.dfirma.pl\/?page_id=3158"},"modified":"2026-03-09T22:23:10","modified_gmt":"2026-03-09T21:23:10","slug":"regulamin","status":"publish","type":"page","link":"https:\/\/margo.dfirma.pl\/index.php\/regulamin\/","title":{"rendered":"Regulamin"},"content":{"rendered":"\t\t<div data-elementor-type=\"wp-page\" data-elementor-id=\"3158\" class=\"elementor elementor-3158\" data-elementor-post-type=\"page\">\n\t\t\t\t<div class=\"wd-negative-gap elementor-element elementor-element-59d0291 e-flex e-con-boxed e-con e-parent\" data-id=\"59d0291\" data-element_type=\"container\" data-e-type=\"container\">\n\t\t\t\t\t<div class=\"e-con-inner\">\n\t\t\t\t<div class=\"elementor-element elementor-element-56166d1 color-scheme-inherit text-left elementor-widget elementor-widget-text-editor\" data-id=\"56166d1\" data-element_type=\"widget\" data-e-type=\"widget\" data-widget_type=\"text-editor.default\">\n\t\t\t\t\t\t\t\t\t<p><strong>REGULAMIN SKLEPU INTERNETOWEGO [nazwa]<\/strong><\/p><p><strong>z [data pierwszej publikacji na stronie internetowej]<\/strong><\/p><p>\u00a0<\/p><p><strong>I. Definicje<\/strong><\/p><p>U\u017cyte w Regulaminie poj\u0119cia oznaczaj\u0105:<\/p><p>1.\u00a0<strong>Klient<\/strong>\u00a0\u2013 osoba fizyczna, osoba prawna lub jednostka organizacyjna nie b\u0119d\u0105c\u0105 osob\u0105 prawn\u0105, kt\u00f3rej przepisy szczeg\u00f3lne przyznaj\u0105 zdolno\u015b\u0107 prawn\u0105, kt\u00f3ra dokonuje Zam\u00f3wienia w ramach Sklepu;<\/p><p>2.\u00a0<strong>Kodeks Cywilny<\/strong>\u00a0\u2013 ustawa z dnia 23 kwietnia 1964 r. (Dz. U. Nr 16, poz. 93 ze zm.);<\/p><p>3.\u00a0<strong>Regulamin<\/strong>\u00a0\u2013 niniejszy Regulamin \u015bwiadczenia us\u0142ug drog\u0105 elektroniczn\u0105 w ramach\u00a0sklepu internetowego [nazwa sklepu];<\/p><p>4.\u00a0<strong>Sklep internetowy (Sklep)<\/strong>\u00a0\u2013 serwis internetowy dost\u0119pny pod [adresem], za\u00a0po\u015brednictwem kt\u00f3rego Klient mo\u017ce w szczeg\u00f3lno\u015bci sk\u0142ada\u0107 Zam\u00f3wienia;<\/p><p>5.\u00a0<strong>Towar<\/strong>\u00a0\u2013 produkty prezentowane w Sklepie Internetowym;<\/p><p>6.\u00a0<strong>Umowa sprzeda\u017cy<\/strong>\u00a0\u2013 umowa sprzeda\u017cy Towar\u00f3w w rozumieniu Kodeksu Cywilnego, zawarta pomi\u0119dzy [podmiotem prowadz\u0105cym sklep internetowy] a Klientem, zawierana z wykorzystaniem serwisu internetowego Sklepu;<\/p><p>7.\u00a0<strong>Ustawa o szczeg\u00f3lnych warunkach sprzeda\u017cy konsumenckiej<\/strong>\u00a0\u2013 ustawa z dnia 27 lipca 2002 r. o szczeg\u00f3lnych warunkach sprzeda\u017cy konsumenckiej oraz o zmianie Kodeksu Cywilnego (Dz. U. Nr 141, poz. 1176 ze zm.);<\/p><p>8.\u00a0<strong>Ustawa o \u015bwiadczeniu us\u0142ug drog\u0105 elektroniczn\u0105<\/strong>\u00a0\u2013 ustawa z dnia 18 lipca 2002 r. o \u015bwiadczeniu us\u0142ug drog\u0105 elektroniczn\u0105 (Dz. U. Nr 144, poz. 1204 ze zm.);<\/p><p>9.\u00a0<strong>Zam\u00f3wienie<\/strong>\u00a0\u2013 o\u015bwiadczenie woli Klienta, zmierzaj\u0105ce bezpo\u015brednio do zawarcia Umowy sprzeda\u017cy, okre\u015blaj\u0105ce w szczeg\u00f3lno\u015bci rodzaj i liczb\u0119 Towaru.<\/p><p>\u00a0<\/p><p><strong>II. Postanowienia og\u00f3lne<\/strong><\/p><p>2.1. Niniejszy Regulamin okre\u015bla zasady korzystania ze sklepu internetowego dost\u0119pnego\u00a0pod [adresem].<\/p><p>2.2. Niniejszy Regulamin jest regulaminem, o kt\u00f3rym mowa w art. 8 Ustawy o \u015bwiadczeniu\u00a0us\u0142ug drog\u0105 elektroniczn\u0105.<\/p><p>2.3. Sklep internetowy, dzia\u0142aj\u0105cy pod [adresem], prowadzony jest przez [oznaczenie\u00a0zgodne z cz\u0119\u015bci\u0105 I. Podr\u0119cznika].<\/p><p>2.4. Niniejszy Regulamin okre\u015bla w szczeg\u00f3lno\u015bci [w zale\u017cno\u015bci od dost\u0119pnych mo\u017cliwo\u015bci]:<\/p><p>a.) zasady dokonywania rejestracji i korzystania z konta w ramach sklepu internetowego;<\/p><p>b.) warunki i zasady dokonywania elektronicznej rezerwacji produkt\u00f3w dost\u0119pnych w ramach sklepu internetowego;<\/p><p>c.) warunki i zasady sk\u0142adania drog\u0105 elektroniczn\u0105 Zam\u00f3wie\u0144 w ramach sklepu internetowego;<\/p><p>d.) zasady zawierania Um\u00f3w sprzeda\u017cy z wykorzystaniem us\u0142ug \u015bwiadczonych w ramach Sklepu Internetowego.<\/p><p>2.5. Korzystanie ze sklepu internetowego jest mo\u017cliwe pod warunkiem spe\u0142nienia przez system teleinformatyczny, z kt\u00f3rego korzysta Klient nast\u0119puj\u0105cych minimalnych wymaga\u0144 technicznych:<\/p><p>a.) Internet Explorer w wersji [&#8230;] lub nowszej z w\u0142\u0105czon\u0105 obs\u0142ug\u0105 [wskazanie niezb\u0119dnych aplikacji, np. aplety Javy], lub<\/p><p>b.) [przegl\u0105darka internetowa] w wersji [&#8230;] lub nowszej z w\u0142\u0105czon\u0105 obs\u0142ug\u0105 [&#8230;], c.) minimalna rozdzielczo\u015b\u0107 ekranu [&#8230;] x [&#8230;] pikseli.<\/p><p>2.6. W celu korzystania ze sklepu internetowego Klient powinien we w\u0142asnym zakresie uzyska\u0107 dost\u0119p do stanowiska komputerowego lub urz\u0105dzenia ko\u0144cowego, z dost\u0119pem do Internetu.<\/p><p>2.7. Zgodnie z obowi\u0105zuj\u0105cymi przepisami prawa [prowadz\u0105cy Sklep] zastrzega sobie mo\u017cliwo\u015b\u0107 ograniczenia \u015bwiadczenia us\u0142ug za po\u015brednictwem Sklepu internetowego do os\u00f3b, kt\u00f3re uko\u0144czy\u0142y wiek 18 lat. W takim przypadku potencjalni Klienci zostan\u0105 o powy\u017cszym powiadomieni.<\/p><p>2.8. Klienci mog\u0105 uzyska\u0107 dost\u0119p do niniejszego Regulaminu w ka\u017cdym czasie za po\u015brednictwem odsy\u0142acza zamieszczonego na stronie g\u0142\u00f3wnej serwisu [adres internetowy] oraz pobra\u0107 go i sporz\u0105dzi\u0107 jego wydruk.<\/p><p>2.9. Informacje o Towarach podane na stronach internetowych Sklepu, w szczeg\u00f3lno\u015bci ich opisy, parametry techniczne i u\u017cytkowe oraz ceny, stanowi\u0105 zaproszenie do zawarcia umowy, w rozumieniu art. 71 Kodeksu Cywilnego.<\/p><p>\u00a0<\/p><p><strong>III. Zasady korzystania ze Sklepu Internetowego<\/strong><\/p><p>3.1. Warunkiem rozpocz\u0119cia korzystania ze Sklepu internetowego jest rejestracja w jego\u00a0ramach.<\/p><p>3.2. Rejestracja nast\u0119puje poprzez wype\u0142nienie i zaakceptowanie formularza\u00a0rejestracyjnego, udost\u0119pnianego na jednej ze stron Sklepu.<\/p><p>3.3. Warunkiem rejestracji jest wyra\u017cenie zgody na tre\u015b\u0107 Regulaminu oraz podanie danych\u00a0osobowych oznaczonych jako obowi\u0105zkowe.<\/p><p>3.4. [nazwa prowadz\u0105cego] mo\u017ce pozbawi\u0107 Klienta prawa do korzystania ze Sklepu Internetowego, jak r\u00f3wnie\u017c mo\u017ce ograniczy\u0107 jego dost\u0119p do cz\u0119\u015bci lub ca\u0142o\u015bci zasob\u00f3w Sklepu Internetowego, ze skutkiem natychmiastowym, w przypadku naruszenia przez Klienta Regulaminu, a w szczeg\u00f3lno\u015bci, gdy Klient:<\/p><p>a.) poda\u0142 w trakcie rejestracji w sklepie internetowym dane niezgodne z prawd\u0105, niedok\u0142adne lub nieaktualne, wprowadzaj\u0105ce w b\u0142\u0105d lub naruszaj\u0105ce prawa os\u00f3b trzecich,<\/p><p>b.) dopu\u015bci\u0142 si\u0119 za po\u015brednictwem sklepu internetowego naruszenia d\u00f3br osobistych os\u00f3b trzecich, w szczeg\u00f3lno\u015bci d\u00f3br osobistych innych klient\u00f3w sklepu internetowego,<\/p><p>c.) dopu\u015bci si\u0119 innych zachowa\u0144, kt\u00f3re zostan\u0105 uznane przez [nazwa prowadz\u0105cego] za zachowania niezgodne z obowi\u0105zuj\u0105cymi przepisami prawa lub og\u00f3lnymi zasadami korzystania z sieci Internet lub godz\u0105ce w dobre imi\u0119 [nazwa prowadz\u0105cego].<\/p><p>3.5. Osoba, kt\u00f3ra zosta\u0142a pozbawiona prawa do korzystania ze sklepu internetowego, nie mo\u017ce dokona\u0107 powt\u00f3rnej rejestracji bez uprzedniej zgody [nazwa prowadz\u0105cego].<\/p><p>3.6. W celu zapewnienia bezpiecze\u0144stwa przekazu komunikat\u00f3w i danych w zwi\u0105zku ze \u015bwiadczonymi w ramach Witryny us\u0142ugami, Sklep internetowy podejmuje \u015brodki techniczne i organizacyjne odpowiednie do stopnia zagro\u017cenia bezpiecze\u0144stwa \u015bwiadczonych us\u0142ug, w szczeg\u00f3lno\u015bci \u015brodki s\u0142u\u017c\u0105ce zapobieganiu pozyskiwania i modyfikacji przez osoby nieuprawnione danych osobowych przesy\u0142anych w Internecie.<\/p><p>3.7. Klient zobowi\u0105zany jest w szczeg\u00f3lno\u015bci do:<\/p><p>a.) niedostarczania i nieprzekazywania tre\u015bci zabronionych przez przepisy prawa, np. tre\u015bci propaguj\u0105cych przemoc, znies\u0142awiaj\u0105cych lub naruszaj\u0105cych dobra osobiste i inne prawa os\u00f3b trzecich,<\/p><p>b.) korzystania ze Sklepu internetowego w spos\u00f3b nie zak\u0142\u00f3caj\u0105cy jego funkcjonowania, w szczeg\u00f3lno\u015bci poprzez u\u017cycie okre\u015blonego oprogramowania lub urz\u0105dze\u0144,<\/p><p>c.) niepodejmowania dzia\u0142a\u0144 takich jak: rozsy\u0142anie lub umieszczanie w ramach Sklepu internetowego niezam\u00f3wionej informacji handlowej (spam),<\/p><p>d.) korzystania ze Sklepu internetowego w spos\u00f3b nieuci\u0105\u017cliwy dla innych klient\u00f3w oraz dla [nazwa prowadz\u0105cego],<\/p><p>e.) korzystania z wszelkich tre\u015bci zamieszczonych w ramach Sklepu internetowego jedynie w zakresie w\u0142asnego u\u017cytku osobistego,<\/p><p>f.) korzystania ze Sklepu internetowego w spos\u00f3b zgodny z przepisami obowi\u0105zuj\u0105cego na terytorium Rzeczypospolitej Polskiej prawa, postanowieniami Regulaminu, a tak\u017ce z og\u00f3lnymi zasadami korzystania z sieci Internet.<\/p><p>\u00a0<\/p><p><strong>IV. Procedura zawarcia Umowy sprzeda\u017cy<\/strong><\/p><p>4.1. W celu zawarcia Umowy sprzeda\u017cy za po\u015brednictwem Sklepu internetowego nale\u017cy wej\u015b\u0107 na stron\u0119 internetow\u0105 [adres], dokona\u0107 wyboru [w zale\u017cno\u015bci od profilu danego sklepu mo\u017cna tu wymieni\u0107 konkretny rodzaj towar\u00f3w oraz \u2013 ewentualnie \u2013 tak\u017ce ich specyfikacji \u2013 np. wyboru towaru i jego kolorystyki lub wyboru mebli i akcesori\u00f3w ogrodowych z oferty Sklepu, itp.], podejmuj\u0105c kolejne czynno\u015bci techniczne w oparciu o wy\u015bwietlane Klientowi komunikaty oraz informacje dost\u0119pne na stronie.<\/p><p>4.2. Wyb\u00f3r zamawianych Towar\u00f3w przez Klienta jest dokonywany poprzez ich dodanie do koszyka.<\/p><p>4.3. W trakcie sk\u0142adania Zam\u00f3wienia \u2013 do momentu naci\u015bni\u0119cia przycisku \u201eZamawiam\u201d \u2013 Klient ma mo\u017cliwo\u015b\u0107 modyfikacji wprowadzonych danych oraz w zakresie wyboru Towaru. W tym celu nale\u017cy kierowa\u0107 si\u0119 wy\u015bwietlanymi Klientowi komunikatami oraz informacjami dost\u0119pnymi na stronie.<\/p><p>4.4. Po podaniu przez Klienta korzystaj\u0105cego ze Sklepu internetowego wszystkich niezb\u0119dnych danych, wy\u015bwietlone zostanie podsumowanie z\u0142o\u017conego Zam\u00f3wienia. Podsumowanie z\u0142o\u017conego Zam\u00f3wienia b\u0119dzie zawiera\u0107 informacje dotycz\u0105ce:<\/p><p>a.) przedmiotu zam\u00f3wienia,<\/p><p>b.) jednostkowej oraz \u0142\u0105cznej ceny zamawianych produkt\u00f3w lub us\u0142ug, w tym koszt\u00f3w\u00a0dostawy oraz dodatkowych koszt\u00f3w (je\u015bli wyst\u0119puj\u0105),<\/p><p>c.) wybranej metody p\u0142atno\u015bci,<\/p><p>d.) wybranego sposobu dostawy,<\/p><p>e.) czasu dostawy,<\/p><p>f.) [&#8230;]<\/p><p>4.5. W celu wys\u0142ania Zam\u00f3wienia konieczne jest dokonanie akceptacji tre\u015bci Regulaminu, podanie danych osobowych oznaczonych jako obowi\u0105zkowe oraz naci\u015bni\u0119cie przycisku \u201eZ\u0142\u00f3\u017c zam\u00f3wienie\u201d.<\/p><p>4.6. Wys\u0142anie przez Klienta Zam\u00f3wienia stanowi o\u015bwiadczenie woli zawarcia z [prowadz\u0105cym Sklep] Umowy sprzeda\u017cy, zgodnie z tre\u015bci\u0105 Regulaminu.<\/p><p>4.7. Po z\u0142o\u017ceniu Zam\u00f3wienia, Klient otrzymuje wiadomo\u015b\u0107 e-mail zatytu\u0142owan\u0105 [&#8230;], zawieraj\u0105c\u0105 ostateczne potwierdzenie wszystkich istotnych element\u00f3w Zam\u00f3wienia.<\/p><p>4.8. Umow\u0119 traktuje si\u0119 za zawart\u0105 z momentem otrzymania przez Klienta wiadomo\u015bci e-mail, o kt\u00f3rej mowa powy\u017cej.<\/p><p>4.9. Umowa sprzeda\u017cy zawierana jest w j\u0119zyku polskim, o tre\u015bci zgodnej z Regulaminem.<\/p><p>\u00a0<\/p><p><strong>V. Dostawa<\/strong><\/p><p>5.1. Dostawa Towar\u00f3w jest ograniczona do obszaru Rzeczpospolitej Polskiej i odbywa si\u0119\u00a0pod adres wskazany przez Klienta w trakcie sk\u0142adania Zam\u00f3wienia.<\/p><p>5.2. Dostawa zam\u00f3wionych Towar\u00f3w odbywa si\u0119 transportem w\u0142asnym, przesy\u0142k\u0105 kuriersk\u0105 lub [inne metody dostawy]. Koszty dostawy wynosz\u0105 [dok\u0142adne koszty dostawy lub link na stron\u0119 z szczeg\u00f3\u0142ami]. Dodatkowo koszty dostawy zostan\u0105 wskazane w czasie sk\u0142adania Zam\u00f3wienia.<\/p><p>5.3. Termin realizacji dostawy wynosi od [&#8230;] do [&#8230;] dni roboczych licz\u0105c od dnia wys\u0142ania przez Klienta Zam\u00f3wienia.<\/p><p>5.4. Klienci mog\u0105 uzyska\u0107 dost\u0119p do niniejszego Regulaminu w ka\u017cdym czasie za po\u015brednictwem odsy\u0142acza zamieszczonego na stronie g\u0142\u00f3wnej serwisu [adres internetowy] oraz pobra\u0107 go i sporz\u0105dzi\u0107 jego wydruk.<\/p><p>Utrwalenie, zabezpieczenie, udost\u0119pnienie oraz potwierdzenie Klientowi istotnych postanowie\u0144 Umowy sprzeda\u017cy Towar\u00f3w nast\u0119puje poprzez przes\u0142anie Klientowi na podany adres e-mail oraz poprzez do\u0142\u0105czenie do przesy\u0142ki zawieraj\u0105cej Towar wydruku potwierdzenia, specyfikacji Zam\u00f3wienia oraz faktury VAT.<\/p><p>\u00a0<\/p><p><strong>VI. Ceny i metody p\u0142atno\u015bci<\/strong><\/p><p>6.1. Ceny Towar\u00f3w podawane s\u0105 w z\u0142otych polskich i zawieraj\u0105 wszystkie sk\u0142adniki, w tym\u00a0podatek VAT (z wyr\u00f3\u017cnieniem wysoko\u015bci stawki), c\u0142a oraz wszelkie inne sk\u0142adniki<\/p><p>6.2. Klient ma mo\u017cliwo\u015b\u0107 uiszczenia ceny:<\/p><p>a.) przelewem na numer konta bankowego [&#8230;],<\/p><p>b.) p\u0142atno\u015bci\u0105 w systemie [ze wskazaniem systemu p\u0142atno\u015bci elektronicznych],<\/p><p>c.) zap\u0142ata kart\u0105 p\u0142atnicz\u0105 [z podaniem operator\u00f3w, kt\u00f3rych karty s\u0105 akceptowane oraz informacje o momencie pobrania zap\u0142aty, np. \u201ekarta kredytowa zostaje obci\u0105\u017cona w momencie wysy\u0142ki towaru\u201d],<\/p><p>d.) [inna forma p\u0142atno\u015bci].<\/p><p>\u00a0<\/p><p><strong>VII. Uprawnienie do odst\u0105pienia od umowy<\/strong><\/p><p>7.1. Klientowi, b\u0119d\u0105cemu konsumentem w rozumieniu art. 221 Kodeksu Cywilnego, przys\u0142uguje \u2013 na podstawie przepis\u00f3w prawa \u2013 prawo do odst\u0105pienia od umowy zawartej na odleg\u0142o\u015b\u0107, bez podania przyczyny, sk\u0142adaj\u0105c stosowne o\u015bwiadczenie na pi\u015bmie, w terminie 10 dni i wysy\u0142aj\u0105c je na adres [podmiotu prowadz\u0105cego sklep internetowy] podany w niniejszym Regulaminie.<\/p><p>7.2. Termin 10-dniowy liczy si\u0119 od dnia, w kt\u00f3rym nast\u0105pi\u0142o dostarczenie Towaru [chyba, \u017ce sklep internetowy dostarcza us\u0142ugi].<\/p><p>7.3. Prawo do odst\u0105pienia od umowy przez konsumenta jest wy\u0142\u0105czone w przypadku [nale\u017cy usun\u0105\u0107 te wyj\u0105tki z poni\u017cszej listy, kt\u00f3re nie odpowiadaj\u0105 profilowi danego sklepu internetowego]<\/p><ul><li>rozpocz\u0119cia \u2013 za zgod\u0105 konsumenta \u2013 \u015bwiadczenia us\u0142ug przez [sklep internetowy], przed up\u0142ywem terminu 10 dni od zawarcia umowy;<\/li><li>nagra\u0144 muzycznych i audiowizualnych oraz program\u00f3w komputerowych zapisanych na informatycznych no\u015bnikach danych po usuni\u0119ciu przez konsumenta ich oryginalnego opakowania;<\/li><li>um\u00f3w dotycz\u0105cych \u015bwiadcze\u0144, za kt\u00f3re cena lub wynagrodzenie zale\u017cy wy\u0142\u0105cznie od ruchu cen na rynku finansowym;<\/li><li>towar\u00f3w (us\u0142ug) wykraczaj\u0105cych poza standardow\u0105 ofert\u0119 sklepu, przygotowanych na specjalne zam\u00f3wienie klienta i dostosowanych do jego indywidualnych potrzeb;<\/li><li>\u015bwiadcze\u0144, kt\u00f3re z uwagi na ich charakter nie mog\u0105 zosta\u0107 zwr\u00f3cone lub kt\u00f3rych przedmiot ulega szybkiemu zepsuciu<\/li><li>dostarczania prasy; oraz<\/li><li>us\u0142ug w zakresie gier hazardowych.<\/li><\/ul><p>7.4. W przypadku odst\u0105pienia od umowy zawartej na odleg\u0142o\u015b\u0107, umowa jest uwa\u017cana za niezawart\u0105. To, co strony \u015bwiadczy\u0142y, ulega zwrotowi w stanie niezmienionym, chyba \u017ce zmiana by\u0142a konieczna w granicach zwyk\u0142ego zarz\u0105du. Zwrot powinien nast\u0105pi\u0107 niezw\u0142ocznie, nie p\u00f3\u017aniej ni\u017c w terminie 14 dni. Zakupiony towaru nale\u017cy zwr\u00f3ci\u0107 na poni\u017cszy adres:<\/p><p>[nazwa odbiorcy oraz dok\u0142adny fizyczny adres, na kt\u00f3ry maj\u0105 by\u0107 dokonywane zwroty]<\/p><p>7.5. Zwracany przez Klienta Towar powinien zosta\u0107 opakowany w odpowiedni spos\u00f3b,\u00a0zapewniaj\u0105cy brak uszkodze\u0144 przesy\u0142ki w trakcie transportu.<\/p><p>7.6. Koszt opakowania i odes\u0142ania towaru ponosi Klient.<\/p><p>\u00a0<\/p><p><strong>VIII. Reklamacje dotycz\u0105ce Towar\u00f3w<\/strong><\/p><p>8.1. [Podmiot prowadz\u0105cy sklep internetowy] jako sprzedawca odpowiada wobec Klienta b\u0119d\u0105cego konsumentem w rozumieniu art. 221 Kodeksu Cywilnego, za niezgodno\u015b\u0107 z Umow\u0105 sprzeda\u017cy Towaru zakupionego przez tego konsumenta, w zakresie okre\u015blonym Ustaw\u0105 o szczeg\u00f3lnych warunkach sprzeda\u017cy konsumenckiej.<\/p><p>8.2. Reklamacje, wynikaj\u0105ce z naruszenia praw Klienta gwarantowanych prawnie, lub na podstawie niniejszego Regulaminu, nale\u017cy kierowa\u0107 na adres [adres e \u2013 mail]. [Podmiot prowadz\u0105cy sklep internetowy] zobowi\u0105zuje si\u0119 do rozpatrzenia ka\u017cdej reklamacji w terminie do [14] dni, a gdyby to nie by\u0142o mo\u017cliwe, do poinformowania w tym okresie Klienta, kiedy reklamacja zostanie rozpatrzona.<\/p><p>8.3. [Podmiot prowadz\u0105cy sklep internetowy] nie jest producentem towar\u00f3w. Producent ponosi odpowiedzialno\u015b\u0107 z tytu\u0142u gwarancji sprzedanego Towaru na warunkach oraz przez okres wskazany w karcie gwarancyjnej. Je\u015bli dokument gwarancyjny przewiduje tak\u0105 mo\u017cliwo\u015b\u0107, Klient mo\u017ce zg\u0142asza\u0107 swoje roszczenia w ramach gwarancji bezpo\u015brednio w autoryzowanym serwisie, kt\u00f3rego adres znajduje si\u0119 w karcie gwarancyjnej.<\/p><p>\u00a0<\/p><p><strong>IX. Reklamacje w zakresie \u015bwiadczenia us\u0142ug drog\u0105 elektroniczn\u0105<\/strong><\/p><p>9.1. [Podmiot prowadz\u0105cy sklep internetowy] podejmuje dzia\u0142ania w celu zapewnienia w pe\u0142ni poprawnego dzia\u0142ania Sklepu, w takim zakresie, jaki wynika z aktualnej wiedzy technicznej i zobowi\u0105zuje si\u0119 usun\u0105\u0107 w rozs\u0105dnym terminie wszelkie nieprawid\u0142owo\u015bci zg\u0142oszone przez Klient\u00f3w.<\/p><p>9.2. Klient zobowi\u0105zany jest niezw\u0142ocznie powiadomi\u0107 [podmiot prowadz\u0105cy sklep internetowy] o wszelkich nieprawid\u0142owo\u015bciach lub przerwach w funkcjonowaniu serwisu Sklepu Internetowego.<\/p><p>9.3. Nieprawid\u0142owo\u015bci zwi\u0105zane z funkcjonowaniem Sklepu Klient mo\u017ce zg\u0142asza\u0107 pisemnie na adres: [adres], mailowo pod adres [adres e-mail] lub przy u\u017cyciu formularza kontaktowego.<\/p><p>9.4. W reklamacji Klient powinien poda\u0107 swoje imi\u0119 i nazwisko, adres do korespondencji, rodzaj i dat\u0119 wyst\u0105pienia nieprawid\u0142owo\u015bci zwi\u0105zanej z funkcjonowaniem Sklepu.<\/p><p>9.5. [Podmiot prowadz\u0105cy sklep internetowy] zobowi\u0105zuje si\u0119 do rozpatrzenia ka\u017cdej reklamacji w terminie do [14] dni, a gdyby to nie by\u0142o mo\u017cliwe, do poinformowania w tym okresie Klienta, kiedy reklamacja zostanie rozpatrzona.<\/p><p>\u00a0<\/p><p><strong>X. Postanowienia ko\u0144cowe<\/strong><\/p><p>10.1. Rozstrzyganie ewentualnych spor\u00f3w powsta\u0142ych pomi\u0119dzy [podmiotem prowadz\u0105cym sklep internetowy] a Klientem, kt\u00f3ry jest konsumentem w rozumieniu art. 221 Kodeksu Cywilnego, zostaje poddane s\u0105dom w\u0142a\u015bciwym zgodnie z postanowieniami w\u0142a\u015bciwych przepis\u00f3w Kodeksu post\u0119powania cywilnego.<\/p><p>10.2. Rozstrzyganie ewentualnych spor\u00f3w powsta\u0142ych pomi\u0119dzy [podmiotem prowadz\u0105cym sklep internetowy] a Klientem, kt\u00f3ry nie jest konsumentem w rozumieniu art. 221 Kodeksu Cywilnego Kodeksu Cywilnego, zostaje poddane s\u0105dowi w\u0142a\u015bciwemu ze wzgl\u0119du na siedzib\u0119 [podmiotu prowadz\u0105cego sklep internetowy].<\/p><p>10.3. W sprawach nieuregulowanych w niniejszym Regulaminie maj\u0105 zastosowanie przepisy Kodeksu cywilnego, przepisy Ustawy o \u015bwiadczeniu us\u0142ug drog\u0105 elektroniczn\u0105 oraz inne w\u0142a\u015bciwe przepisy prawa polskiego.<\/p>\t\t\t\t\t\t\t\t<\/div>\n\t\t\t\t\t<\/div>\n\t\t\t\t<\/div>\n\t\t\t\t<\/div>\n\t\t","protected":false},"excerpt":{"rendered":"<p>REGULAMIN SKLEPU INTERNETOWEGO [nazwa] z [data pierwszej publikacji na stronie internetowej] \u00a0 I. Definicje U\u017cyte w Regulaminie poj\u0119cia oznaczaj\u0105: 1.\u00a0Klient\u00a0\u2013<\/p>\n","protected":false},"author":1,"featured_media":0,"parent":0,"menu_order":0,"comment_status":"closed","ping_status":"closed","template":"","meta":{"footnotes":""},"class_list":["post-3158","page","type-page","status-publish","hentry"],"_links":{"self":[{"href":"https:\/\/margo.dfirma.pl\/index.php\/wp-json\/wp\/v2\/pages\/3158","targetHints":{"allow":["GET"]}}],"collection":[{"href":"https:\/\/margo.dfirma.pl\/index.php\/wp-json\/wp\/v2\/pages"}],"about":[{"href":"https:\/\/margo.dfirma.pl\/index.php\/wp-json\/wp\/v2\/types\/page"}],"author":[{"embeddable":true,"href":"https:\/\/margo.dfirma.pl\/index.php\/wp-json\/wp\/v2\/users\/1"}],"replies":[{"embeddable":true,"href":"https:\/\/margo.dfirma.pl\/index.php\/wp-json\/wp\/v2\/comments?post=3158"}],"version-history":[{"count":4,"href":"https:\/\/margo.dfirma.pl\/index.php\/wp-json\/wp\/v2\/pages\/3158\/revisions"}],"predecessor-version":[{"id":3162,"href":"https:\/\/margo.dfirma.pl\/index.php\/wp-json\/wp\/v2\/pages\/3158\/revisions\/3162"}],"wp:attachment":[{"href":"https:\/\/margo.dfirma.pl\/index.php\/wp-json\/wp\/v2\/media?parent=3158"}],"curies":[{"name":"wp","href":"https:\/\/api.w.org\/{rel}","templated":true}]}}