{"id":3240,"date":"2026-03-29T22:18:56","date_gmt":"2026-03-29T20:18:56","guid":{"rendered":"https:\/\/margo.dfirma.pl\/index.php\/produkt\/margoo-smycz-przepinana-240cm-20mm\/"},"modified":"2026-03-29T22:18:56","modified_gmt":"2026-03-29T20:18:56","slug":"margoo-smycz-przepinana-240cm-20mm","status":"publish","type":"product","link":"https:\/\/margo.dfirma.pl\/index.php\/produkt\/margoo-smycz-przepinana-240cm-20mm\/","title":{"rendered":"Margoo Smycz przepinana 240cm\/20mm"},"content":{"rendered":"<p>Margoo Smycz przepinana 240cm\/20mm<\/p>\n","protected":false},"excerpt":{"rendered":"<p>Smycz przepinana firmy Margoo przeznaczona dla sczeni\u0105t ras \u015brednich i du\u017cych oraz ps\u00f3w doros\u0142ych ras ma\u0142ych i \u015brednich.<\/p>\n","protected":false},"featured_media":3239,"comment_status":"open","ping_status":"closed","template":"","meta":[],"product_brand":[],"product_cat":[48,55,57],"product_tag":[],"class_list":{"0":"post-3240","1":"product","2":"type-product","3":"status-publish","4":"has-post-thumbnail","6":"product_cat-dogs","7":"product_cat-leashes","8":"product_cat-harnesses","10":"first","11":"instock","12":"shipping-taxable","13":"purchasable","14":"product-type-simple"},"_links":{"self":[{"href":"https:\/\/margo.dfirma.pl\/index.php\/wp-json\/wp\/v2\/product\/3240","targetHints":{"allow":["GET"]}}],"collection":[{"href":"https:\/\/margo.dfirma.pl\/index.php\/wp-json\/wp\/v2\/product"}],"about":[{"href":"https:\/\/margo.dfirma.pl\/index.php\/wp-json\/wp\/v2\/types\/product"}],"replies":[{"embeddable":true,"href":"https:\/\/margo.dfirma.pl\/index.php\/wp-json\/wp\/v2\/comments?post=3240"}],"version-history":[{"count":0,"href":"https:\/\/margo.dfirma.pl\/index.php\/wp-json\/wp\/v2\/product\/3240\/revisions"}],"wp:featuredmedia":[{"embeddable":true,"href":"https:\/\/margo.dfirma.pl\/index.php\/wp-json\/wp\/v2\/media\/3239"}],"wp:attachment":[{"href":"https:\/\/margo.dfirma.pl\/index.php\/wp-json\/wp\/v2\/media?parent=3240"}],"wp:term":[{"taxonomy":"product_brand","embeddable":true,"href":"https:\/\/margo.dfirma.pl\/index.php\/wp-json\/wp\/v2\/product_brand?post=3240"},{"taxonomy":"product_cat","embeddable":true,"href":"https:\/\/margo.dfirma.pl\/index.php\/wp-json\/wp\/v2\/product_cat?post=3240"},{"taxonomy":"product_tag","embeddable":true,"href":"https:\/\/margo.dfirma.pl\/index.php\/wp-json\/wp\/v2\/product_tag?post=3240"}],"curies":[{"name":"wp","href":"https:\/\/api.w.org\/{rel}","templated":true}]}}