{"id":3242,"date":"2026-03-29T22:18:59","date_gmt":"2026-03-29T20:18:59","guid":{"rendered":"https:\/\/margo.dfirma.pl\/index.php\/produkt\/margoo-smycz-przepinana-240cm-30mm\/"},"modified":"2026-03-29T22:18:59","modified_gmt":"2026-03-29T20:18:59","slug":"margoo-smycz-przepinana-240cm-30mm","status":"publish","type":"product","link":"https:\/\/margo.dfirma.pl\/index.php\/produkt\/margoo-smycz-przepinana-240cm-30mm\/","title":{"rendered":"Margoo Smycz przepinana 240cm\/30mm"},"content":{"rendered":"<p>Margoo Smycz przepinana 240cm\/30mm<\/p>\n","protected":false},"excerpt":{"rendered":"<p>Smycz przepinana firmy Margoo przeznaczona dla szceni\u0105t oraz ps\u00f3w ras du\u017cych i olbrzymich.<\/p>\n","protected":false},"featured_media":3241,"comment_status":"open","ping_status":"closed","template":"","meta":[],"product_brand":[],"product_cat":[48,55,57],"product_tag":[],"class_list":{"0":"post-3242","1":"product","2":"type-product","3":"status-publish","4":"has-post-thumbnail","6":"product_cat-dogs","7":"product_cat-leashes","8":"product_cat-harnesses","10":"first","11":"instock","12":"shipping-taxable","13":"purchasable","14":"product-type-simple"},"_links":{"self":[{"href":"https:\/\/margo.dfirma.pl\/index.php\/wp-json\/wp\/v2\/product\/3242","targetHints":{"allow":["GET"]}}],"collection":[{"href":"https:\/\/margo.dfirma.pl\/index.php\/wp-json\/wp\/v2\/product"}],"about":[{"href":"https:\/\/margo.dfirma.pl\/index.php\/wp-json\/wp\/v2\/types\/product"}],"replies":[{"embeddable":true,"href":"https:\/\/margo.dfirma.pl\/index.php\/wp-json\/wp\/v2\/comments?post=3242"}],"version-history":[{"count":0,"href":"https:\/\/margo.dfirma.pl\/index.php\/wp-json\/wp\/v2\/product\/3242\/revisions"}],"wp:featuredmedia":[{"embeddable":true,"href":"https:\/\/margo.dfirma.pl\/index.php\/wp-json\/wp\/v2\/media\/3241"}],"wp:attachment":[{"href":"https:\/\/margo.dfirma.pl\/index.php\/wp-json\/wp\/v2\/media?parent=3242"}],"wp:term":[{"taxonomy":"product_brand","embeddable":true,"href":"https:\/\/margo.dfirma.pl\/index.php\/wp-json\/wp\/v2\/product_brand?post=3242"},{"taxonomy":"product_cat","embeddable":true,"href":"https:\/\/margo.dfirma.pl\/index.php\/wp-json\/wp\/v2\/product_cat?post=3242"},{"taxonomy":"product_tag","embeddable":true,"href":"https:\/\/margo.dfirma.pl\/index.php\/wp-json\/wp\/v2\/product_tag?post=3242"}],"curies":[{"name":"wp","href":"https:\/\/api.w.org\/{rel}","templated":true}]}}