{"id":3248,"date":"2026-03-29T22:19:11","date_gmt":"2026-03-29T20:19:11","guid":{"rendered":"https:\/\/margo.dfirma.pl\/index.php\/produkt\/margoo-obroza-s-27-40cm\/"},"modified":"2026-03-29T22:19:11","modified_gmt":"2026-03-29T20:19:11","slug":"margoo-obroza-s-27-40cm","status":"publish","type":"product","link":"https:\/\/margo.dfirma.pl\/index.php\/produkt\/margoo-obroza-s-27-40cm\/","title":{"rendered":"Margoo Obro\u017ca S 27-40cm"},"content":{"rendered":"<p>Margoo Obro\u017ca S 27-40cm<\/p>\n","protected":false},"excerpt":{"rendered":"<p>Obro\u017ca S firmy Margoo przeznaczona dla szczeni\u0105t ras \u015brednich i du\u017cych oraz ps\u00f3w doros\u0142ych raz ma\u0142ych.<\/p>\n","protected":false},"featured_media":3247,"comment_status":"open","ping_status":"closed","template":"","meta":[],"product_brand":[],"product_cat":[48,55,57],"product_tag":[],"class_list":{"0":"post-3248","1":"product","2":"type-product","3":"status-publish","4":"has-post-thumbnail","6":"product_cat-dogs","7":"product_cat-leashes","8":"product_cat-harnesses","10":"first","11":"instock","12":"shipping-taxable","13":"purchasable","14":"product-type-simple"},"_links":{"self":[{"href":"https:\/\/margo.dfirma.pl\/index.php\/wp-json\/wp\/v2\/product\/3248","targetHints":{"allow":["GET"]}}],"collection":[{"href":"https:\/\/margo.dfirma.pl\/index.php\/wp-json\/wp\/v2\/product"}],"about":[{"href":"https:\/\/margo.dfirma.pl\/index.php\/wp-json\/wp\/v2\/types\/product"}],"replies":[{"embeddable":true,"href":"https:\/\/margo.dfirma.pl\/index.php\/wp-json\/wp\/v2\/comments?post=3248"}],"version-history":[{"count":0,"href":"https:\/\/margo.dfirma.pl\/index.php\/wp-json\/wp\/v2\/product\/3248\/revisions"}],"wp:featuredmedia":[{"embeddable":true,"href":"https:\/\/margo.dfirma.pl\/index.php\/wp-json\/wp\/v2\/media\/3247"}],"wp:attachment":[{"href":"https:\/\/margo.dfirma.pl\/index.php\/wp-json\/wp\/v2\/media?parent=3248"}],"wp:term":[{"taxonomy":"product_brand","embeddable":true,"href":"https:\/\/margo.dfirma.pl\/index.php\/wp-json\/wp\/v2\/product_brand?post=3248"},{"taxonomy":"product_cat","embeddable":true,"href":"https:\/\/margo.dfirma.pl\/index.php\/wp-json\/wp\/v2\/product_cat?post=3248"},{"taxonomy":"product_tag","embeddable":true,"href":"https:\/\/margo.dfirma.pl\/index.php\/wp-json\/wp\/v2\/product_tag?post=3248"}],"curies":[{"name":"wp","href":"https:\/\/api.w.org\/{rel}","templated":true}]}}