{"id":3252,"date":"2026-03-29T22:19:25","date_gmt":"2026-03-29T20:19:25","guid":{"rendered":"https:\/\/margo.dfirma.pl\/index.php\/produkt\/margoo-obroza-m-l-44-60cm\/"},"modified":"2026-03-29T22:19:25","modified_gmt":"2026-03-29T20:19:25","slug":"margoo-obroza-m-l-44-60cm","status":"publish","type":"product","link":"https:\/\/margo.dfirma.pl\/index.php\/produkt\/margoo-obroza-m-l-44-60cm\/","title":{"rendered":"Margoo Obro\u017ca M\/L 44-60cm"},"content":{"rendered":"<p>Margoo Obro\u017ca M\/L 44-60cm<\/p>\n","protected":false},"excerpt":{"rendered":"<p>Obro\u017ca M\/L firmy Margoo przeznaczona dla ps\u00f3w doros\u0142ch ras \u015brednich i du\u017cych.<\/p>\n","protected":false},"featured_media":3251,"comment_status":"open","ping_status":"closed","template":"","meta":[],"product_brand":[],"product_cat":[48,55,57],"product_tag":[],"class_list":{"0":"post-3252","1":"product","2":"type-product","3":"status-publish","4":"has-post-thumbnail","6":"product_cat-dogs","7":"product_cat-leashes","8":"product_cat-harnesses","10":"first","11":"instock","12":"shipping-taxable","13":"purchasable","14":"product-type-simple"},"_links":{"self":[{"href":"https:\/\/margo.dfirma.pl\/index.php\/wp-json\/wp\/v2\/product\/3252","targetHints":{"allow":["GET"]}}],"collection":[{"href":"https:\/\/margo.dfirma.pl\/index.php\/wp-json\/wp\/v2\/product"}],"about":[{"href":"https:\/\/margo.dfirma.pl\/index.php\/wp-json\/wp\/v2\/types\/product"}],"replies":[{"embeddable":true,"href":"https:\/\/margo.dfirma.pl\/index.php\/wp-json\/wp\/v2\/comments?post=3252"}],"version-history":[{"count":0,"href":"https:\/\/margo.dfirma.pl\/index.php\/wp-json\/wp\/v2\/product\/3252\/revisions"}],"wp:featuredmedia":[{"embeddable":true,"href":"https:\/\/margo.dfirma.pl\/index.php\/wp-json\/wp\/v2\/media\/3251"}],"wp:attachment":[{"href":"https:\/\/margo.dfirma.pl\/index.php\/wp-json\/wp\/v2\/media?parent=3252"}],"wp:term":[{"taxonomy":"product_brand","embeddable":true,"href":"https:\/\/margo.dfirma.pl\/index.php\/wp-json\/wp\/v2\/product_brand?post=3252"},{"taxonomy":"product_cat","embeddable":true,"href":"https:\/\/margo.dfirma.pl\/index.php\/wp-json\/wp\/v2\/product_cat?post=3252"},{"taxonomy":"product_tag","embeddable":true,"href":"https:\/\/margo.dfirma.pl\/index.php\/wp-json\/wp\/v2\/product_tag?post=3252"}],"curies":[{"name":"wp","href":"https:\/\/api.w.org\/{rel}","templated":true}]}}