{"id":3282,"date":"2026-03-29T22:20:26","date_gmt":"2026-03-29T20:20:26","guid":{"rendered":"https:\/\/margo.dfirma.pl\/index.php\/produkt\/margoo-szarpak-50cm\/"},"modified":"2026-03-29T22:20:26","modified_gmt":"2026-03-29T20:20:26","slug":"margoo-szarpak-50cm","status":"publish","type":"product","link":"https:\/\/margo.dfirma.pl\/index.php\/produkt\/margoo-szarpak-50cm\/","title":{"rendered":"Margoo Szarpak 50cm"},"content":{"rendered":"<p>Margoo Szarpak 50cm<\/p>\n","protected":false},"excerpt":{"rendered":"<p>Szarpak 50cm zabawka firmy MArgoo przeznaczona dla szczeni\u0105t wszystkich ras oraz ps\u00f3w doros\u0142ych ras ma\u0142ych i \u015brednich.<\/p>\n","protected":false},"featured_media":3281,"comment_status":"open","ping_status":"closed","template":"","meta":[],"product_brand":[],"product_cat":[48,57,55],"product_tag":[],"class_list":{"0":"post-3282","1":"product","2":"type-product","3":"status-publish","4":"has-post-thumbnail","6":"product_cat-dogs","7":"product_cat-harnesses","8":"product_cat-leashes","10":"first","11":"instock","12":"shipping-taxable","13":"purchasable","14":"product-type-simple"},"_links":{"self":[{"href":"https:\/\/margo.dfirma.pl\/index.php\/wp-json\/wp\/v2\/product\/3282","targetHints":{"allow":["GET"]}}],"collection":[{"href":"https:\/\/margo.dfirma.pl\/index.php\/wp-json\/wp\/v2\/product"}],"about":[{"href":"https:\/\/margo.dfirma.pl\/index.php\/wp-json\/wp\/v2\/types\/product"}],"replies":[{"embeddable":true,"href":"https:\/\/margo.dfirma.pl\/index.php\/wp-json\/wp\/v2\/comments?post=3282"}],"version-history":[{"count":0,"href":"https:\/\/margo.dfirma.pl\/index.php\/wp-json\/wp\/v2\/product\/3282\/revisions"}],"wp:featuredmedia":[{"embeddable":true,"href":"https:\/\/margo.dfirma.pl\/index.php\/wp-json\/wp\/v2\/media\/3281"}],"wp:attachment":[{"href":"https:\/\/margo.dfirma.pl\/index.php\/wp-json\/wp\/v2\/media?parent=3282"}],"wp:term":[{"taxonomy":"product_brand","embeddable":true,"href":"https:\/\/margo.dfirma.pl\/index.php\/wp-json\/wp\/v2\/product_brand?post=3282"},{"taxonomy":"product_cat","embeddable":true,"href":"https:\/\/margo.dfirma.pl\/index.php\/wp-json\/wp\/v2\/product_cat?post=3282"},{"taxonomy":"product_tag","embeddable":true,"href":"https:\/\/margo.dfirma.pl\/index.php\/wp-json\/wp\/v2\/product_tag?post=3282"}],"curies":[{"name":"wp","href":"https:\/\/api.w.org\/{rel}","templated":true}]}}